{"id":40213,"date":"2023-05-25T15:12:53","date_gmt":"2023-05-25T13:12:53","guid":{"rendered":"https:\/\/shop.swedbeer.se\/?post_type=product&#038;p=40213"},"modified":"2025-09-05T12:41:23","modified_gmt":"2025-09-05T10:41:23","slug":"lindr-pygmy-pro-kitchen","status":"publish","type":"product","link":"https:\/\/shop.swedbeer.se\/en\/product\/lindr-pygmy-pro-kitchen\/","title":{"rendered":"Lindr Pygmy Pro Kitchen"},"content":{"rendered":"<p>PYGMY series dispensing systems are designed for professional cooling, dispensing and serving of perfectly chilled beer and other beverages at home, on small garden parties, company celebrations etc. They are the pinnacle among small table-top coolers.<\/p>\n<ul>\n<li><strong>PERFORMANCE<\/strong>\u00a0\u2013 PYGMY 30\/K PROFI series dispensing systems boast an increased output of 30-35 l\/h, allowing you to serve 60-70 perfectly chilled drinks an hour.<\/li>\n<li><strong>COMFORTABLY PORTABLE<\/strong>\u00a0\u2013 easy and safe handling of the system thanks to the small size and a handle on top.<\/li>\n<li><strong>KEG PRESSURISATION<\/strong>\u00a0\u2013 MODEL PYGMY 30\/K PROFI is equipped with a unique system of a built-in, silent, high-quality air compressor fitted with a noise dampener and a molecule filter for incoming air.<\/li>\n<li><strong>PERFECT DRAUGHT BEER<\/strong>\u00a0\u2013 model PYGMY 30\/K PROFI is fitted with a regulator with pressure gauge to set the optimal pressure for dispensing different types of beverages.<\/li>\n<li><strong>EQUIPMENT<\/strong>\u00a0\u2013 thermostat allowing smooth and precise regulation of beverage temperature, dispensing tap, tap wrench, drip tray and speedfit fittings for easy connection.<\/li>\n<li><strong>VERSATILITY<\/strong>\u00a0\u2013 Can also be used with a bar dispense tower.<\/li>\n<li><strong>LINDR THERMAL BLOCK<\/strong>\u00a0\u2013 the compressor cooling unit uses the power input for direct transfer to chilling, which guarantees minimum energy usage. Perfectly chilled beer is ready within a few minutes after switching the cooler on.<\/li>\n<li><strong>STAINLESS CONSTRUCTION<\/strong>\u00a0\u2013 The entire body and the coil of the cooler are made of stainless steel. The materials used meet the strictest hygienic standards and guarantee long service life of the cooler.<\/li>\n<li><strong>PERFORMANCE, QUALITY, SIZE<\/strong>\u00a0\u2013 the best performance\/ quality\/ size ratio.<\/li>\n<\/ul>\n<div class=\"items\"><\/div>\n<p><iframe loading=\"lazy\" title=\"How to connect double tap beer cooler LINDR - using inbuilt air compressor\" width=\"1140\" height=\"641\" src=\"https:\/\/www.youtube.com\/embed\/DoPdTrY3h0Q?feature=oembed\" frameborder=\"0\" allow=\"accelerometer; autoplay; clipboard-write; encrypted-media; gyroscope; picture-in-picture; web-share\" referrerpolicy=\"strict-origin-when-cross-origin\" allowfullscreen><\/iframe><\/p>\n","protected":false},"excerpt":{"rendered":"<p>Elegant air cooled dispenser from Lindr with a capacity of 35 liters per hour. This is a built-in cooler that perfectly fits your modern kitchen.<\/p>\n<p>&nbsp;<\/p>\n","protected":false},"featured_media":40215,"comment_status":"open","ping_status":"closed","template":"","meta":{"_acf_changed":false},"pwb-brand":[86],"product_brand":[],"product_cat":[57],"product_tag":[],"class_list":{"0":"post-40213","1":"product","2":"type-product","3":"status-publish","4":"has-post-thumbnail","6":"pwb-brand-lindr-en","7":"product_cat-draft-beer-plants","8":"product_shipping_class-draft-beer-dispenser-half-pallet","10":"first","11":"instock","12":"taxable","13":"shipping-taxable","14":"purchasable","15":"product-type-simple","16":"czr-hentry"},"bundled_by":[],"bundle_stock_status":"instock","bundle_stock_quantity":1,"bundle_virtual":false,"bundle_layout":"","bundle_add_to_cart_form_location":"","bundle_editable_in_cart":false,"bundle_sold_individually_context":"","bundle_item_grouping":"","bundle_min_size":"","bundle_max_size":"","bundle_price":[],"bundled_items":[],"bundle_sell_ids":[],"acf":[],"yoast_head":"<!-- This site is optimized with the Yoast SEO plugin v27.5 - https:\/\/yoast.com\/product\/yoast-seo-wordpress\/ -->\n<title>Lindr Pygmy Pro Kitchen - SwedBeer.se Shop<\/title>\n<meta name=\"description\" content=\"Denna \u00f6lkylare har h\u00f6g prestanda, sm\u00e5 dimensioner och ett reglerat luftsystem. Det \u00f6ppnar nya m\u00f6jligheter f\u00f6r b\u00e5de professionell och kommersiell anv\u00e4ndning. Den levereras med en inbyggd luftkompressor och har har en kontinuerlig kylkapacitet p\u00e5 30-35 l\/h.\" \/>\n<meta name=\"robots\" content=\"index, follow, max-snippet:-1, max-image-preview:large, max-video-preview:-1\" \/>\n<link rel=\"canonical\" href=\"https:\/\/shop.swedbeer.se\/en\/product\/lindr-pygmy-pro-kitchen\/\" \/>\n<meta property=\"og:locale\" content=\"en_US\" \/>\n<meta property=\"og:type\" content=\"article\" \/>\n<meta property=\"og:title\" content=\"Lindr Pygmy Pro Kitchen - SwedBeer.se Shop\" \/>\n<meta property=\"og:description\" content=\"Denna \u00f6lkylare har h\u00f6g prestanda, sm\u00e5 dimensioner och ett reglerat luftsystem. Det \u00f6ppnar nya m\u00f6jligheter f\u00f6r b\u00e5de professionell och kommersiell anv\u00e4ndning. Den levereras med en inbyggd luftkompressor och har har en kontinuerlig kylkapacitet p\u00e5 30-35 l\/h.\" \/>\n<meta property=\"og:url\" content=\"https:\/\/shop.swedbeer.se\/en\/product\/lindr-pygmy-pro-kitchen\/\" \/>\n<meta property=\"og:site_name\" content=\"SwedBeer.se Shop\" \/>\n<meta property=\"article:publisher\" content=\"https:\/\/www.facebook.com\/SwedBeer.se\/\" \/>\n<meta property=\"article:modified_time\" content=\"2025-09-05T10:41:23+00:00\" \/>\n<meta property=\"og:image\" content=\"https:\/\/shop.swedbeer.se\/wp-content\/uploads\/2023\/05\/243d64a78abd000993b363aa96f91d80.jpg\" \/>\n\t<meta property=\"og:image:width\" content=\"659\" \/>\n\t<meta property=\"og:image:height\" content=\"659\" \/>\n\t<meta property=\"og:image:type\" content=\"image\/jpeg\" \/>\n<meta name=\"twitter:card\" content=\"summary_large_image\" \/>\n<meta name=\"twitter:label1\" content=\"Est. reading time\" \/>\n\t<meta name=\"twitter:data1\" content=\"2 minutes\" \/>\n<script type=\"application\/ld+json\" class=\"yoast-schema-graph\">{\"@context\":\"https:\\\/\\\/schema.org\",\"@graph\":[{\"@type\":\"WebPage\",\"@id\":\"https:\\\/\\\/shop.swedbeer.se\\\/en\\\/product\\\/lindr-pygmy-pro-kitchen\\\/\",\"url\":\"https:\\\/\\\/shop.swedbeer.se\\\/en\\\/product\\\/lindr-pygmy-pro-kitchen\\\/\",\"name\":\"Lindr Pygmy Pro Kitchen - SwedBeer.se Shop\",\"isPartOf\":{\"@id\":\"https:\\\/\\\/shop.swedbeer.se\\\/en\\\/#website\"},\"primaryImageOfPage\":{\"@id\":\"https:\\\/\\\/shop.swedbeer.se\\\/en\\\/product\\\/lindr-pygmy-pro-kitchen\\\/#primaryimage\"},\"image\":{\"@id\":\"https:\\\/\\\/shop.swedbeer.se\\\/en\\\/product\\\/lindr-pygmy-pro-kitchen\\\/#primaryimage\"},\"thumbnailUrl\":\"https:\\\/\\\/shop.swedbeer.se\\\/wp-content\\\/uploads\\\/2023\\\/05\\\/243d64a78abd000993b363aa96f91d80.jpg\",\"datePublished\":\"2023-05-25T13:12:53+00:00\",\"dateModified\":\"2025-09-05T10:41:23+00:00\",\"description\":\"Denna \u00f6lkylare har h\u00f6g prestanda, sm\u00e5 dimensioner och ett reglerat luftsystem. Det \u00f6ppnar nya m\u00f6jligheter f\u00f6r b\u00e5de professionell och kommersiell anv\u00e4ndning. Den levereras med en inbyggd luftkompressor och har har en kontinuerlig kylkapacitet p\u00e5 30-35 l\\\/h.\",\"breadcrumb\":{\"@id\":\"https:\\\/\\\/shop.swedbeer.se\\\/en\\\/product\\\/lindr-pygmy-pro-kitchen\\\/#breadcrumb\"},\"inLanguage\":\"en-US\",\"potentialAction\":[{\"@type\":\"ReadAction\",\"target\":[\"https:\\\/\\\/shop.swedbeer.se\\\/en\\\/product\\\/lindr-pygmy-pro-kitchen\\\/\"]}]},{\"@type\":\"ImageObject\",\"inLanguage\":\"en-US\",\"@id\":\"https:\\\/\\\/shop.swedbeer.se\\\/en\\\/product\\\/lindr-pygmy-pro-kitchen\\\/#primaryimage\",\"url\":\"https:\\\/\\\/shop.swedbeer.se\\\/wp-content\\\/uploads\\\/2023\\\/05\\\/243d64a78abd000993b363aa96f91d80.jpg\",\"contentUrl\":\"https:\\\/\\\/shop.swedbeer.se\\\/wp-content\\\/uploads\\\/2023\\\/05\\\/243d64a78abd000993b363aa96f91d80.jpg\",\"width\":659,\"height\":659},{\"@type\":\"BreadcrumbList\",\"@id\":\"https:\\\/\\\/shop.swedbeer.se\\\/en\\\/product\\\/lindr-pygmy-pro-kitchen\\\/#breadcrumb\",\"itemListElement\":[{\"@type\":\"ListItem\",\"position\":1,\"name\":\"Hem\",\"item\":\"https:\\\/\\\/shop.swedbeer.se\\\/en\\\/\"},{\"@type\":\"ListItem\",\"position\":2,\"name\":\"SwedBeer Shop\",\"item\":\"https:\\\/\\\/shop.swedbeer.se\\\/en\\\/\"},{\"@type\":\"ListItem\",\"position\":3,\"name\":\"Lindr Pygmy Pro Kitchen\"}]},{\"@type\":\"WebSite\",\"@id\":\"https:\\\/\\\/shop.swedbeer.se\\\/en\\\/#website\",\"url\":\"https:\\\/\\\/shop.swedbeer.se\\\/en\\\/\",\"name\":\"SwedBeer.se Shop\",\"description\":\"K\u00f6p bryggeritillbeh\u00f6r\",\"publisher\":{\"@id\":\"https:\\\/\\\/shop.swedbeer.se\\\/en\\\/#organization\"},\"potentialAction\":[{\"@type\":\"SearchAction\",\"target\":{\"@type\":\"EntryPoint\",\"urlTemplate\":\"https:\\\/\\\/shop.swedbeer.se\\\/en\\\/?s={search_term_string}\"},\"query-input\":{\"@type\":\"PropertyValueSpecification\",\"valueRequired\":true,\"valueName\":\"search_term_string\"}}],\"inLanguage\":\"en-US\"},{\"@type\":\"Organization\",\"@id\":\"https:\\\/\\\/shop.swedbeer.se\\\/en\\\/#organization\",\"name\":\"R\u00e5dan\u00e4s Bryggeri AB\",\"url\":\"https:\\\/\\\/shop.swedbeer.se\\\/en\\\/\",\"logo\":{\"@type\":\"ImageObject\",\"inLanguage\":\"en-US\",\"@id\":\"https:\\\/\\\/shop.swedbeer.se\\\/en\\\/#\\\/schema\\\/logo\\\/image\\\/\",\"url\":\"https:\\\/\\\/shop.swedbeer.se\\\/wp-content\\\/uploads\\\/2016\\\/06\\\/Logotypeguld.jpg\",\"contentUrl\":\"https:\\\/\\\/shop.swedbeer.se\\\/wp-content\\\/uploads\\\/2016\\\/06\\\/Logotypeguld.jpg\",\"width\":500,\"height\":260,\"caption\":\"R\u00e5dan\u00e4s Bryggeri AB\"},\"image\":{\"@id\":\"https:\\\/\\\/shop.swedbeer.se\\\/en\\\/#\\\/schema\\\/logo\\\/image\\\/\"},\"sameAs\":[\"https:\\\/\\\/www.facebook.com\\\/SwedBeer.se\\\/\"]}]}<\/script>\n<!-- \/ Yoast SEO plugin. -->","yoast_head_json":{"title":"Lindr Pygmy Pro Kitchen - SwedBeer.se Shop","description":"Denna \u00f6lkylare har h\u00f6g prestanda, sm\u00e5 dimensioner och ett reglerat luftsystem. Det \u00f6ppnar nya m\u00f6jligheter f\u00f6r b\u00e5de professionell och kommersiell anv\u00e4ndning. Den levereras med en inbyggd luftkompressor och har har en kontinuerlig kylkapacitet p\u00e5 30-35 l\/h.","robots":{"index":"index","follow":"follow","max-snippet":"max-snippet:-1","max-image-preview":"max-image-preview:large","max-video-preview":"max-video-preview:-1"},"canonical":"https:\/\/shop.swedbeer.se\/en\/product\/lindr-pygmy-pro-kitchen\/","og_locale":"en_US","og_type":"article","og_title":"Lindr Pygmy Pro Kitchen - SwedBeer.se Shop","og_description":"Denna \u00f6lkylare har h\u00f6g prestanda, sm\u00e5 dimensioner och ett reglerat luftsystem. Det \u00f6ppnar nya m\u00f6jligheter f\u00f6r b\u00e5de professionell och kommersiell anv\u00e4ndning. Den levereras med en inbyggd luftkompressor och har har en kontinuerlig kylkapacitet p\u00e5 30-35 l\/h.","og_url":"https:\/\/shop.swedbeer.se\/en\/product\/lindr-pygmy-pro-kitchen\/","og_site_name":"SwedBeer.se Shop","article_publisher":"https:\/\/www.facebook.com\/SwedBeer.se\/","article_modified_time":"2025-09-05T10:41:23+00:00","og_image":[{"width":659,"height":659,"url":"https:\/\/shop.swedbeer.se\/wp-content\/uploads\/2023\/05\/243d64a78abd000993b363aa96f91d80.jpg","type":"image\/jpeg"}],"twitter_card":"summary_large_image","twitter_misc":{"Est. reading time":"2 minutes"},"schema":{"@context":"https:\/\/schema.org","@graph":[{"@type":"WebPage","@id":"https:\/\/shop.swedbeer.se\/en\/product\/lindr-pygmy-pro-kitchen\/","url":"https:\/\/shop.swedbeer.se\/en\/product\/lindr-pygmy-pro-kitchen\/","name":"Lindr Pygmy Pro Kitchen - SwedBeer.se Shop","isPartOf":{"@id":"https:\/\/shop.swedbeer.se\/en\/#website"},"primaryImageOfPage":{"@id":"https:\/\/shop.swedbeer.se\/en\/product\/lindr-pygmy-pro-kitchen\/#primaryimage"},"image":{"@id":"https:\/\/shop.swedbeer.se\/en\/product\/lindr-pygmy-pro-kitchen\/#primaryimage"},"thumbnailUrl":"https:\/\/shop.swedbeer.se\/wp-content\/uploads\/2023\/05\/243d64a78abd000993b363aa96f91d80.jpg","datePublished":"2023-05-25T13:12:53+00:00","dateModified":"2025-09-05T10:41:23+00:00","description":"Denna \u00f6lkylare har h\u00f6g prestanda, sm\u00e5 dimensioner och ett reglerat luftsystem. Det \u00f6ppnar nya m\u00f6jligheter f\u00f6r b\u00e5de professionell och kommersiell anv\u00e4ndning. Den levereras med en inbyggd luftkompressor och har har en kontinuerlig kylkapacitet p\u00e5 30-35 l\/h.","breadcrumb":{"@id":"https:\/\/shop.swedbeer.se\/en\/product\/lindr-pygmy-pro-kitchen\/#breadcrumb"},"inLanguage":"en-US","potentialAction":[{"@type":"ReadAction","target":["https:\/\/shop.swedbeer.se\/en\/product\/lindr-pygmy-pro-kitchen\/"]}]},{"@type":"ImageObject","inLanguage":"en-US","@id":"https:\/\/shop.swedbeer.se\/en\/product\/lindr-pygmy-pro-kitchen\/#primaryimage","url":"https:\/\/shop.swedbeer.se\/wp-content\/uploads\/2023\/05\/243d64a78abd000993b363aa96f91d80.jpg","contentUrl":"https:\/\/shop.swedbeer.se\/wp-content\/uploads\/2023\/05\/243d64a78abd000993b363aa96f91d80.jpg","width":659,"height":659},{"@type":"BreadcrumbList","@id":"https:\/\/shop.swedbeer.se\/en\/product\/lindr-pygmy-pro-kitchen\/#breadcrumb","itemListElement":[{"@type":"ListItem","position":1,"name":"Hem","item":"https:\/\/shop.swedbeer.se\/en\/"},{"@type":"ListItem","position":2,"name":"SwedBeer Shop","item":"https:\/\/shop.swedbeer.se\/en\/"},{"@type":"ListItem","position":3,"name":"Lindr Pygmy Pro Kitchen"}]},{"@type":"WebSite","@id":"https:\/\/shop.swedbeer.se\/en\/#website","url":"https:\/\/shop.swedbeer.se\/en\/","name":"SwedBeer.se Shop","description":"K\u00f6p bryggeritillbeh\u00f6r","publisher":{"@id":"https:\/\/shop.swedbeer.se\/en\/#organization"},"potentialAction":[{"@type":"SearchAction","target":{"@type":"EntryPoint","urlTemplate":"https:\/\/shop.swedbeer.se\/en\/?s={search_term_string}"},"query-input":{"@type":"PropertyValueSpecification","valueRequired":true,"valueName":"search_term_string"}}],"inLanguage":"en-US"},{"@type":"Organization","@id":"https:\/\/shop.swedbeer.se\/en\/#organization","name":"R\u00e5dan\u00e4s Bryggeri AB","url":"https:\/\/shop.swedbeer.se\/en\/","logo":{"@type":"ImageObject","inLanguage":"en-US","@id":"https:\/\/shop.swedbeer.se\/en\/#\/schema\/logo\/image\/","url":"https:\/\/shop.swedbeer.se\/wp-content\/uploads\/2016\/06\/Logotypeguld.jpg","contentUrl":"https:\/\/shop.swedbeer.se\/wp-content\/uploads\/2016\/06\/Logotypeguld.jpg","width":500,"height":260,"caption":"R\u00e5dan\u00e4s Bryggeri AB"},"image":{"@id":"https:\/\/shop.swedbeer.se\/en\/#\/schema\/logo\/image\/"},"sameAs":["https:\/\/www.facebook.com\/SwedBeer.se\/"]}]}},"brands":[{"id":86,"name":"LINDR","slug":"lindr-en"}],"_links":{"self":[{"href":"https:\/\/shop.swedbeer.se\/en\/wp-json\/wp\/v2\/product\/40213","targetHints":{"allow":["GET"]}}],"collection":[{"href":"https:\/\/shop.swedbeer.se\/en\/wp-json\/wp\/v2\/product"}],"about":[{"href":"https:\/\/shop.swedbeer.se\/en\/wp-json\/wp\/v2\/types\/product"}],"replies":[{"embeddable":true,"href":"https:\/\/shop.swedbeer.se\/en\/wp-json\/wp\/v2\/comments?post=40213"}],"wp:featuredmedia":[{"embeddable":true,"href":"https:\/\/shop.swedbeer.se\/en\/wp-json\/wp\/v2\/media\/40215"}],"wp:attachment":[{"href":"https:\/\/shop.swedbeer.se\/en\/wp-json\/wp\/v2\/media?parent=40213"}],"wp:term":[{"taxonomy":"pwb-brand","embeddable":true,"href":"https:\/\/shop.swedbeer.se\/en\/wp-json\/wp\/v2\/pwb-brand?post=40213"},{"taxonomy":"product_brand","embeddable":true,"href":"https:\/\/shop.swedbeer.se\/en\/wp-json\/wp\/v2\/product_brand?post=40213"},{"taxonomy":"product_cat","embeddable":true,"href":"https:\/\/shop.swedbeer.se\/en\/wp-json\/wp\/v2\/product_cat?post=40213"},{"taxonomy":"product_tag","embeddable":true,"href":"https:\/\/shop.swedbeer.se\/en\/wp-json\/wp\/v2\/product_tag?post=40213"}],"curies":[{"name":"wp","href":"https:\/\/api.w.org\/{rel}","templated":true}]}}