{"id":9666,"date":"2016-06-30T11:42:21","date_gmt":"2016-06-30T09:42:21","guid":{"rendered":"https:\/\/shop.swedbeer.se\/kontakta-oss\/"},"modified":"2021-03-05T09:58:19","modified_gmt":"2021-03-05T08:58:19","slug":"contact-us","status":"publish","type":"page","link":"https:\/\/shop.swedbeer.se\/en\/contact-us\/","title":{"rendered":"Contact us \/ references"},"content":{"rendered":"\n<p class=\"has-text-align-center\">You can always send us an email with your questions to <a href=\"mailto:helpdesk@swedbeer.se\">helpdesk@swedbeer.se<\/a> and we will get back to you as soon as possible.<\/p>\n\n<div class=\"wp-block-columns has-2-columns is-layout-flex wp-container-core-columns-is-layout-9d6595d7 wp-block-columns-is-layout-flex\">\n<div class=\"wp-block-column is-layout-flow wp-block-column-is-layout-flow\">\n<h2 class=\"wp-block-heading\">Sales<\/h2>\n\n\n\n<p><strong>Brewery equipment:<\/strong> Hannes Rebas, tel <a href=\"tel:+46708558856\">+46 708 55 88 56<\/a> (weekdays 09-16 CET) or <a href=\"mailto:hannes@swedbeer.se\">hannes@swedbeer.se<\/a><\/p>\n\n\n\n<p><strong>Kegs and dispensers:<\/strong> Olle Liljas, tel <a href=\"tel:+46708558856\">+46 762 48 00 51<\/a> (weekdays 9-16 CET) or <a href=\"mailto:olle@radanas.se\">olle@radanas.se<\/a><\/p>\n<\/div>\n\n\n\n<div class=\"wp-block-column is-layout-flow wp-block-column-is-layout-flow\">\n<h2 class=\"wp-block-heading\">Company address<\/h2>\n\n\n\n<p>Company registry number: 556907-9246&#13;\nR\u00e5dan\u00e4s Bryggeri AB&#13;\nR\u00e5dan\u00e4sv\u00e4gen 21&#13;\n435 33 M\u00f6lnlycke<\/p>\n<\/div>\n<\/div>\n\n<h2 class=\"wp-block-heading\">Customer references for brewery equipment<\/h2>\n\n<div class=\"wp-block-columns has-3-columns is-layout-flex wp-container-core-columns-is-layout-9d6595d7 wp-block-columns-is-layout-flex\">\n<div class=\"wp-block-column is-layout-flow wp-block-column-is-layout-flow\">\n<p class=\"has-text-align-center\"><strong>Odd Island Brewing<\/strong><\/p>\n\n\n\n<figure class=\"wp-block-image is-resized\"><img loading=\"lazy\" decoding=\"async\" src=\"https:\/\/shop.swedbeer.se\/wp-content\/uploads\/2019\/03\/odd.png\" alt=\"\" class=\"wp-image-10116\" width=\"271\" height=\"276\" srcset=\"https:\/\/shop.swedbeer.se\/wp-content\/uploads\/2019\/03\/odd.png 501w, https:\/\/shop.swedbeer.se\/wp-content\/uploads\/2019\/03\/odd-294x300.png 294w, https:\/\/shop.swedbeer.se\/wp-content\/uploads\/2019\/03\/odd-350x357.png 350w\" sizes=\"auto, (max-width: 271px) 100vw, 271px\" \/><figcaption>Brewhouse and tanks<\/figcaption><\/figure>\n<\/div>\n\n\n\n<div class=\"wp-block-column is-layout-flow wp-block-column-is-layout-flow\">\n<p class=\"has-text-align-center\"><strong>Stigbergets Bryggeri<\/strong><\/p>\n\n\n\n<figure class=\"wp-block-image is-resized\"><img loading=\"lazy\" decoding=\"async\" src=\"https:\/\/shop.swedbeer.se\/wp-content\/uploads\/2019\/03\/stig.png\" alt=\"\" class=\"wp-image-10118\" width=\"279\" height=\"279\" srcset=\"https:\/\/shop.swedbeer.se\/wp-content\/uploads\/2019\/03\/stig.png 589w, https:\/\/shop.swedbeer.se\/wp-content\/uploads\/2019\/03\/stig-150x150.png 150w, https:\/\/shop.swedbeer.se\/wp-content\/uploads\/2019\/03\/stig-300x300.png 300w, https:\/\/shop.swedbeer.se\/wp-content\/uploads\/2019\/03\/stig-510x510.png 510w, https:\/\/shop.swedbeer.se\/wp-content\/uploads\/2019\/03\/stig-200x200.png 200w, https:\/\/shop.swedbeer.se\/wp-content\/uploads\/2019\/03\/stig-350x350.png 350w, https:\/\/shop.swedbeer.se\/wp-content\/uploads\/2019\/03\/stig-100x100.png 100w\" sizes=\"auto, (max-width: 279px) 100vw, 279px\" \/><figcaption>Fermenting and storage tanks<\/figcaption><\/figure>\n<\/div>\n\n\n\n<div class=\"wp-block-column is-layout-flow wp-block-column-is-layout-flow\">\n<p class=\"has-text-align-center\"><strong>This Is How Brewery<\/strong><\/p>\n\n\n\n<figure class=\"wp-block-image\"><img loading=\"lazy\" decoding=\"async\" width=\"767\" height=\"767\" src=\"https:\/\/shop.swedbeer.se\/wp-content\/uploads\/2019\/03\/thisis.jpg\" alt=\"\" class=\"wp-image-10124\" srcset=\"https:\/\/shop.swedbeer.se\/wp-content\/uploads\/2019\/03\/thisis.jpg 767w, https:\/\/shop.swedbeer.se\/wp-content\/uploads\/2019\/03\/thisis-150x150.jpg 150w, https:\/\/shop.swedbeer.se\/wp-content\/uploads\/2019\/03\/thisis-300x300.jpg 300w, https:\/\/shop.swedbeer.se\/wp-content\/uploads\/2019\/03\/thisis-510x510.jpg 510w, https:\/\/shop.swedbeer.se\/wp-content\/uploads\/2019\/03\/thisis-200x200.jpg 200w, https:\/\/shop.swedbeer.se\/wp-content\/uploads\/2019\/03\/thisis-350x350.jpg 350w, https:\/\/shop.swedbeer.se\/wp-content\/uploads\/2019\/03\/thisis-100x100.jpg 100w\" sizes=\"auto, (max-width: 767px) 100vw, 767px\" \/><figcaption>Brewhouse and tanks<\/figcaption><\/figure>\n<\/div>\n<\/div>\n\n<div class=\"wp-block-columns has-3-columns is-layout-flex wp-container-core-columns-is-layout-9d6595d7 wp-block-columns-is-layout-flex\">\n<div class=\"wp-block-column is-layout-flow wp-block-column-is-layout-flow\">\n<p class=\"has-text-align-center\"><strong>Oppig\u00e5rds Bryggeri<\/strong><\/p>\n<\/div>\n\n\n\n<div class=\"wp-block-column is-layout-flow wp-block-column-is-layout-flow\">\n<p class=\"has-text-align-center\"><strong>Beerbliotek<\/strong><\/p>\n<\/div>\n\n\n\n<div class=\"wp-block-column is-layout-flow wp-block-column-is-layout-flow\">\n<p class=\"has-text-align-center\"><strong>Spike Brewery<\/strong><\/p>\n<\/div>\n<\/div>\n\n<div class=\"wp-block-columns has-3-columns is-layout-flex wp-container-core-columns-is-layout-9d6595d7 wp-block-columns-is-layout-flex\">\n<div class=\"wp-block-column is-layout-flow wp-block-column-is-layout-flow\">\n<p class=\"has-text-align-center\"><strong>Mohawk Brewing Company<\/strong><\/p>\n<\/div>\n\n\n\n<div class=\"wp-block-column is-layout-flow wp-block-column-is-layout-flow\">\n<p class=\"has-text-align-center\"><strong>Mikrofonbryggeriet<\/strong><\/p>\n<\/div>\n\n\n\n<div class=\"wp-block-column is-layout-flow wp-block-column-is-layout-flow\">\n<p class=\"has-text-align-center\"><strong>Fermenterarna<\/strong><\/p>\n<\/div>\n<\/div>\n\n<div class=\"wp-block-columns has-3-columns is-layout-flex wp-container-core-columns-is-layout-9d6595d7 wp-block-columns-is-layout-flex\">\n<div class=\"wp-block-column is-layout-flow wp-block-column-is-layout-flow\">\n<p class=\"has-text-align-center\"><strong>Electric Nurse<\/strong><\/p>\n<\/div>\n\n\n\n<div class=\"wp-block-column is-layout-flow wp-block-column-is-layout-flow\">\n<p class=\"has-text-align-center\"><strong>Tempel Brygghus<\/strong><\/p>\n<\/div>\n\n\n\n<div class=\"wp-block-column is-layout-flow wp-block-column-is-layout-flow\">\n<p class=\"has-text-align-center\"><strong>Apex Brewing Co<\/strong><\/p>\n<\/div>\n<\/div>\n\n<div class=\"wp-block-columns has-3-columns is-layout-flex wp-container-core-columns-is-layout-9d6595d7 wp-block-columns-is-layout-flex\">\n<div class=\"wp-block-column is-layout-flow wp-block-column-is-layout-flow\">\n<p class=\"has-text-align-center\"><strong>Nya Carnegiebryggeriet<\/strong><\/p>\n<\/div>\n\n\n\n<div class=\"wp-block-column is-layout-flow wp-block-column-is-layout-flow\">\n<p class=\"has-text-align-center\"><strong>Good Guys Brew<\/strong><\/p>\n<\/div>\n\n\n\n<div class=\"wp-block-column is-layout-flow wp-block-column-is-layout-flow\">\n<p class=\"has-text-align-center\"><strong>Benchwarmers Brewing Co<\/strong><\/p>\n<\/div>\n<\/div>\n\n<div class=\"wp-block-columns has-3-columns is-layout-flex wp-container-core-columns-is-layout-9d6595d7 wp-block-columns-is-layout-flex\">\n<div class=\"wp-block-column is-layout-flow wp-block-column-is-layout-flow\">\n<p class=\"has-text-align-center\"><strong>PKLK Bryggeri<\/strong><\/p>\n<\/div>\n\n\n\n<div class=\"wp-block-column is-layout-flow wp-block-column-is-layout-flow\">\n<p class=\"has-text-align-center\"><strong>ETKO Brewing, Finland<\/strong><\/p>\n<\/div>\n\n\n\n<div class=\"wp-block-column is-layout-flow wp-block-column-is-layout-flow\">\n<p class=\"has-text-align-center\"><strong>Klackabackens Bryggeri<\/strong><\/p>\n<\/div>\n<\/div>\n\n<div class=\"wp-block-columns has-3-columns is-layout-flex wp-container-core-columns-is-layout-9d6595d7 wp-block-columns-is-layout-flex\">\n<div class=\"wp-block-column is-layout-flow wp-block-column-is-layout-flow\">\n<p class=\"has-text-align-center\"><strong>Beerium Kraft\u00f6lsbryggeri<\/strong><\/p>\n<\/div>\n\n\n\n<div class=\"wp-block-column is-layout-flow wp-block-column-is-layout-flow\">\n<p class=\"has-text-align-center\"><strong>Business Monkey Brewing<\/strong><\/p>\n<\/div>\n\n\n\n<div class=\"wp-block-column is-layout-flow wp-block-column-is-layout-flow\">\n<p class=\"has-text-align-center\"><strong>Unib\u00e4rsum Bryggeri<\/strong><\/p>\n<\/div>\n<\/div>\n\n<div class=\"wp-block-columns has-3-columns is-layout-flex wp-container-core-columns-is-layout-9d6595d7 wp-block-columns-is-layout-flex\">\n<div class=\"wp-block-column is-layout-flow wp-block-column-is-layout-flow\">\n<p class=\"has-text-align-center\"><strong>Brewing K\u00f6ltur<\/strong><\/p>\n<\/div>\n\n\n\n<div class=\"wp-block-column is-layout-flow wp-block-column-is-layout-flow\">\n<p class=\"has-text-align-center\"><strong>Pax Brygghus<\/strong><\/p>\n<\/div>\n\n\n\n<div class=\"wp-block-column is-layout-flow wp-block-column-is-layout-flow\">\n<p class=\"has-text-align-center\"><strong>AKiA Brygghus<\/strong><\/p>\n<\/div>\n<\/div>\n\n<div class=\"wp-block-columns has-3-columns is-layout-flex wp-container-core-columns-is-layout-9d6595d7 wp-block-columns-is-layout-flex\">\n<div class=\"wp-block-column is-layout-flow wp-block-column-is-layout-flow\">\n<p class=\"has-text-align-center\"><strong>Bearded Rabbit Brewery<\/strong><\/p>\n<\/div>\n\n\n\n<div class=\"wp-block-column is-layout-flow wp-block-column-is-layout-flow\">\n<p class=\"has-text-align-center\"><strong>Upp Brewing<\/strong><\/p>\n<\/div>\n\n\n\n<div class=\"wp-block-column is-layout-flow wp-block-column-is-layout-flow\">\n<p class=\"has-text-align-center\"><strong>The Pine Ridge Brewery<\/strong><\/p>\n<\/div>\n<\/div>\n\n<div class=\"wp-block-columns has-3-columns is-layout-flex wp-container-core-columns-is-layout-9d6595d7 wp-block-columns-is-layout-flex\">\n<div class=\"wp-block-column is-layout-flow wp-block-column-is-layout-flow\">\n<p class=\"has-text-align-center\"><strong>H\u00f6n\u00f6bryggeriet<\/strong><\/p>\n<\/div>\n\n\n\n<div class=\"wp-block-column is-layout-flow wp-block-column-is-layout-flow\">\n<p class=\"has-text-align-center\"><strong>Sahlins Brygghus<\/strong><\/p>\n<\/div>\n\n\n\n<div class=\"wp-block-column is-layout-flow wp-block-column-is-layout-flow\">\n<p class=\"has-text-align-center\"><strong>Lilla \u00d6lfabriken<\/strong><\/p>\n<\/div>\n<\/div>\n\n<div class=\"wp-block-columns has-3-columns is-layout-flex wp-container-core-columns-is-layout-9d6595d7 wp-block-columns-is-layout-flex\">\n<div class=\"wp-block-column is-layout-flow wp-block-column-is-layout-flow\">\n<p class=\"has-text-align-center\"><strong>Dykes Brewery<\/strong><\/p>\n<\/div>\n\n\n\n<div class=\"wp-block-column is-layout-flow wp-block-column-is-layout-flow\">\n<p class=\"has-text-align-center\"><strong>Svartbergets Fj\u00e4llbryggeri<\/strong><\/p>\n<\/div>\n\n\n\n<div class=\"wp-block-column is-layout-flow wp-block-column-is-layout-flow\">\n<p class=\"has-text-align-center\"><strong>Figeholms Bryggeri<\/strong><\/p>\n<\/div>\n<\/div>\n\n<div class=\"wp-block-columns has-3-columns is-layout-flex wp-container-core-columns-is-layout-9d6595d7 wp-block-columns-is-layout-flex\">\n<div class=\"wp-block-column is-layout-flow wp-block-column-is-layout-flow\">\n<p class=\"has-text-align-center\"><strong>N\u00e4ttraby Kvartersbryggeri<\/strong><\/p>\n<\/div>\n\n\n\n<div class=\"wp-block-column is-layout-flow wp-block-column-is-layout-flow\">\n<p class=\"has-text-align-center\"><strong>Aln\u00f6l<\/strong><\/p>\n<\/div>\n\n\n\n<div class=\"wp-block-column is-layout-flow wp-block-column-is-layout-flow\">\n<p class=\"has-text-align-center\"><strong>Kackelbryggeriet<\/strong><\/p>\n<\/div>\n<\/div>\n\n<div class=\"wp-block-columns has-3-columns is-layout-flex wp-container-core-columns-is-layout-9d6595d7 wp-block-columns-is-layout-flex\">\n<div class=\"wp-block-column is-layout-flow wp-block-column-is-layout-flow\">\n<p class=\"has-text-align-center\"><strong>Reinklou Ranch Brewery<\/strong><\/p>\n<\/div>\n\n\n\n<div class=\"wp-block-column is-layout-flow wp-block-column-is-layout-flow\">\n<p class=\"has-text-align-center\"><strong>Limhamns Bryggeri<\/strong><\/p>\n<\/div>\n\n\n\n<div class=\"wp-block-column is-layout-flow wp-block-column-is-layout-flow\">\n<p class=\"has-text-align-center\"><strong>Burgsviks Bryggeri<\/strong><\/p>\n<\/div>\n<\/div>\n\n<div class=\"wp-block-columns has-3-columns is-layout-flex wp-container-core-columns-is-layout-9d6595d7 wp-block-columns-is-layout-flex\">\n<div class=\"wp-block-column is-layout-flow wp-block-column-is-layout-flow\">\n<p class=\"has-text-align-center\"><strong>En Aleigen Brewery<\/strong><\/p>\n<\/div>\n\n\n\n<div class=\"wp-block-column is-layout-flow wp-block-column-is-layout-flow\">\n<p class=\"has-text-align-center\"><strong>Gr\u00f6na Linjen Bryggeri<\/strong><\/p>\n<\/div>\n\n\n\n<div class=\"wp-block-column is-layout-flow wp-block-column-is-layout-flow\">\n<p class=\"has-text-align-center\"><strong>U&amp;Me Beer<\/strong><\/p>\n<\/div>\n<\/div>\n\n<div class=\"wp-block-columns has-3-columns is-layout-flex wp-container-core-columns-is-layout-9d6595d7 wp-block-columns-is-layout-flex\">\n<div class=\"wp-block-column is-layout-flow wp-block-column-is-layout-flow\">\n<p class=\"has-text-align-center\"><strong>\u00c5kersberga Bryggeri<\/strong><\/p>\n<\/div>\n\n\n\n<div class=\"wp-block-column is-layout-flow wp-block-column-is-layout-flow\">\n<p class=\"has-text-align-center\"><strong>Alskute Farm &amp; Brewery<\/strong><\/p>\n<\/div>\n\n\n\n<div class=\"wp-block-column is-layout-flow wp-block-column-is-layout-flow\">\n<p class=\"has-text-align-center\"><strong>Bryggverket<\/strong><\/p>\n<\/div>\n<\/div>\n\n<div class=\"wp-block-columns has-3-columns is-layout-flex wp-container-core-columns-is-layout-9d6595d7 wp-block-columns-is-layout-flex\">\n<div class=\"wp-block-column is-layout-flow wp-block-column-is-layout-flow\">\n<p class=\"has-text-align-center\"><strong>Vilda Bryggeri<\/strong><\/p>\n<\/div>\n\n\n\n<div class=\"wp-block-column is-layout-flow wp-block-column-is-layout-flow\">\n<p class=\"has-text-align-center\"><strong>Trosa \u00d6lkompani<\/strong><\/p>\n<\/div>\n\n\n\n<div class=\"wp-block-column is-layout-flow wp-block-column-is-layout-flow\">\n<p class=\"has-text-align-center\"><strong>Sollentuna Bryggeri<\/strong><\/p>\n<\/div>\n<\/div>\n\n<div class=\"wp-block-columns has-3-columns is-layout-flex wp-container-core-columns-is-layout-9d6595d7 wp-block-columns-is-layout-flex\">\n<div class=\"wp-block-column is-layout-flow wp-block-column-is-layout-flow\">\n<p class=\"has-text-align-center\"><strong>Aktiebolaget Centralbryggeriet<\/strong><\/p>\n<\/div>\n\n\n\n<div class=\"wp-block-column is-layout-flow wp-block-column-is-layout-flow\">\n<p class=\"has-text-align-center\"><strong>Karlskoga Bryggeri<\/strong><\/p>\n<\/div>\n\n\n\n<div class=\"wp-block-column is-layout-flow wp-block-column-is-layout-flow\">\n<p class=\"has-text-align-center\"><strong>Whippet Lab<\/strong><\/p>\n<\/div>\n<\/div>\n\n<div class=\"wp-block-columns has-3-columns is-layout-flex wp-container-core-columns-is-layout-9d6595d7 wp-block-columns-is-layout-flex\">\n<div class=\"wp-block-column is-layout-flow wp-block-column-is-layout-flow\">\n<p class=\"has-text-align-center\"><strong>Fireside Brewery<\/strong><\/p>\n<\/div>\n\n\n\n<div class=\"wp-block-column is-layout-flow wp-block-column-is-layout-flow\">\n<p class=\"has-text-align-center\"><strong>O\/O Brewing<\/strong><\/p>\n<\/div>\n\n\n\n<div class=\"wp-block-column is-layout-flow wp-block-column-is-layout-flow\">\n<p class=\"has-text-align-center\"><strong>Brew Sessions<\/strong><\/p>\n<\/div>\n<\/div>\n\n<div class=\"wp-block-columns has-3-columns is-layout-flex wp-container-core-columns-is-layout-9d6595d7 wp-block-columns-is-layout-flex\">\n<div class=\"wp-block-column is-layout-flow wp-block-column-is-layout-flow\">\n<p class=\"has-text-align-center\"><strong>Deadhead Brewery<\/strong><\/p>\n<\/div>\n\n\n\n<div class=\"wp-block-column is-layout-flow wp-block-column-is-layout-flow\">\n<p class=\"has-text-align-center\"><strong>Slowburn Brewing Co-op, Danmark<\/strong><\/p>\n<\/div>\n\n\n\n<div class=\"wp-block-column is-layout-flow wp-block-column-is-layout-flow\">\n<p class=\"has-text-align-center\"><strong>Nydalen Bryggeri &amp; Spiseri, Norge<\/strong><\/p>\n<\/div>\n<\/div>\n\n<div class=\"wp-block-columns has-3-columns is-layout-flex wp-container-core-columns-is-layout-9d6595d7 wp-block-columns-is-layout-flex\">\n<div class=\"wp-block-column is-layout-flow wp-block-column-is-layout-flow\">\n<p class=\"has-text-align-center\"><strong>Amundsen Bryggeri, Norge<\/strong><\/p>\n<\/div>\n\n\n\n<div class=\"wp-block-column is-layout-flow wp-block-column-is-layout-flow\">\n<p class=\"has-text-align-center\"><strong>Duckpond Brewing<\/strong><\/p>\n<\/div>\n\n\n\n<div class=\"wp-block-column is-layout-flow wp-block-column-is-layout-flow\">\n<p class=\"has-text-align-center\"><\/p>\n<\/div>\n<\/div>\n","protected":false},"excerpt":{"rendered":"<p>You can always send us an email with your questions to helpdesk@swedbeer.se and we will get back to you as soon as possible. Sales Brewery equipment: Hannes Rebas, tel +46 708 55 88 56 (weekdays 09-16 CET) or hannes@swedbeer.se Kegs and dispensers: Olle Liljas, tel +46 762 48 00 51 (weekdays 9-16 CET) or olle@radanas.se [&hellip;]<\/p>\n","protected":false},"author":1,"featured_media":0,"parent":0,"menu_order":0,"comment_status":"closed","ping_status":"closed","template":"","meta":{"_acf_changed":false,"footnotes":""},"class_list":["post-9666","page","type-page","status-publish","czr-hentry"],"acf":[],"yoast_head":"<!-- This site is optimized with the Yoast SEO plugin v27.5 - https:\/\/yoast.com\/product\/yoast-seo-wordpress\/ -->\n<title>Contact us \/ references - SwedBeer.se Shop<\/title>\n<meta name=\"robots\" content=\"index, follow, max-snippet:-1, max-image-preview:large, max-video-preview:-1\" \/>\n<link rel=\"canonical\" href=\"https:\/\/shop.swedbeer.se\/en\/contact-us\/\" \/>\n<meta property=\"og:locale\" content=\"en_US\" \/>\n<meta property=\"og:type\" content=\"article\" \/>\n<meta property=\"og:title\" content=\"Contact us \/ references - SwedBeer.se Shop\" \/>\n<meta property=\"og:description\" content=\"You can always send us an email with your questions to helpdesk@swedbeer.se and we will get back to you as soon as possible. Sales Brewery equipment: Hannes Rebas, tel +46 708 55 88 56 (weekdays 09-16 CET) or hannes@swedbeer.se Kegs and dispensers: Olle Liljas, tel +46 762 48 00 51 (weekdays 9-16 CET) or olle@radanas.se [&hellip;]\" \/>\n<meta property=\"og:url\" content=\"https:\/\/shop.swedbeer.se\/en\/contact-us\/\" \/>\n<meta property=\"og:site_name\" content=\"SwedBeer.se Shop\" \/>\n<meta property=\"article:publisher\" content=\"https:\/\/www.facebook.com\/SwedBeer.se\/\" \/>\n<meta property=\"article:modified_time\" content=\"2021-03-05T08:58:19+00:00\" \/>\n<meta property=\"og:image\" content=\"https:\/\/shop.swedbeer.se\/wp-content\/uploads\/2019\/03\/odd.png\" \/>\n<meta name=\"twitter:card\" content=\"summary_large_image\" \/>\n<meta name=\"twitter:label1\" content=\"Est. reading time\" \/>\n\t<meta name=\"twitter:data1\" content=\"1 minute\" \/>\n<script type=\"application\/ld+json\" class=\"yoast-schema-graph\">{\"@context\":\"https:\\\/\\\/schema.org\",\"@graph\":[{\"@type\":\"WebPage\",\"@id\":\"https:\\\/\\\/shop.swedbeer.se\\\/en\\\/contact-us\\\/\",\"url\":\"https:\\\/\\\/shop.swedbeer.se\\\/en\\\/contact-us\\\/\",\"name\":\"Contact us \\\/ references - SwedBeer.se Shop\",\"isPartOf\":{\"@id\":\"https:\\\/\\\/shop.swedbeer.se\\\/en\\\/#website\"},\"primaryImageOfPage\":{\"@id\":\"https:\\\/\\\/shop.swedbeer.se\\\/en\\\/contact-us\\\/#primaryimage\"},\"image\":{\"@id\":\"https:\\\/\\\/shop.swedbeer.se\\\/en\\\/contact-us\\\/#primaryimage\"},\"thumbnailUrl\":\"https:\\\/\\\/shop.swedbeer.se\\\/wp-content\\\/uploads\\\/2019\\\/03\\\/odd.png\",\"datePublished\":\"2016-06-30T09:42:21+00:00\",\"dateModified\":\"2021-03-05T08:58:19+00:00\",\"breadcrumb\":{\"@id\":\"https:\\\/\\\/shop.swedbeer.se\\\/en\\\/contact-us\\\/#breadcrumb\"},\"inLanguage\":\"en-US\",\"potentialAction\":[{\"@type\":\"ReadAction\",\"target\":[\"https:\\\/\\\/shop.swedbeer.se\\\/en\\\/contact-us\\\/\"]}]},{\"@type\":\"ImageObject\",\"inLanguage\":\"en-US\",\"@id\":\"https:\\\/\\\/shop.swedbeer.se\\\/en\\\/contact-us\\\/#primaryimage\",\"url\":\"https:\\\/\\\/shop.swedbeer.se\\\/wp-content\\\/uploads\\\/2019\\\/03\\\/odd.png\",\"contentUrl\":\"https:\\\/\\\/shop.swedbeer.se\\\/wp-content\\\/uploads\\\/2019\\\/03\\\/odd.png\"},{\"@type\":\"BreadcrumbList\",\"@id\":\"https:\\\/\\\/shop.swedbeer.se\\\/en\\\/contact-us\\\/#breadcrumb\",\"itemListElement\":[{\"@type\":\"ListItem\",\"position\":1,\"name\":\"Hem\",\"item\":\"https:\\\/\\\/shop.swedbeer.se\\\/en\\\/\"},{\"@type\":\"ListItem\",\"position\":2,\"name\":\"Contact us \\\/ references\"}]},{\"@type\":\"WebSite\",\"@id\":\"https:\\\/\\\/shop.swedbeer.se\\\/en\\\/#website\",\"url\":\"https:\\\/\\\/shop.swedbeer.se\\\/en\\\/\",\"name\":\"SwedBeer.se Shop\",\"description\":\"K\u00f6p bryggeritillbeh\u00f6r\",\"publisher\":{\"@id\":\"https:\\\/\\\/shop.swedbeer.se\\\/en\\\/#organization\"},\"potentialAction\":[{\"@type\":\"SearchAction\",\"target\":{\"@type\":\"EntryPoint\",\"urlTemplate\":\"https:\\\/\\\/shop.swedbeer.se\\\/en\\\/?s={search_term_string}\"},\"query-input\":{\"@type\":\"PropertyValueSpecification\",\"valueRequired\":true,\"valueName\":\"search_term_string\"}}],\"inLanguage\":\"en-US\"},{\"@type\":\"Organization\",\"@id\":\"https:\\\/\\\/shop.swedbeer.se\\\/en\\\/#organization\",\"name\":\"R\u00e5dan\u00e4s Bryggeri AB\",\"url\":\"https:\\\/\\\/shop.swedbeer.se\\\/en\\\/\",\"logo\":{\"@type\":\"ImageObject\",\"inLanguage\":\"en-US\",\"@id\":\"https:\\\/\\\/shop.swedbeer.se\\\/en\\\/#\\\/schema\\\/logo\\\/image\\\/\",\"url\":\"https:\\\/\\\/shop.swedbeer.se\\\/wp-content\\\/uploads\\\/2016\\\/06\\\/Logotypeguld.jpg\",\"contentUrl\":\"https:\\\/\\\/shop.swedbeer.se\\\/wp-content\\\/uploads\\\/2016\\\/06\\\/Logotypeguld.jpg\",\"width\":500,\"height\":260,\"caption\":\"R\u00e5dan\u00e4s Bryggeri AB\"},\"image\":{\"@id\":\"https:\\\/\\\/shop.swedbeer.se\\\/en\\\/#\\\/schema\\\/logo\\\/image\\\/\"},\"sameAs\":[\"https:\\\/\\\/www.facebook.com\\\/SwedBeer.se\\\/\"]}]}<\/script>\n<!-- \/ Yoast SEO plugin. -->","yoast_head_json":{"title":"Contact us \/ references - SwedBeer.se Shop","robots":{"index":"index","follow":"follow","max-snippet":"max-snippet:-1","max-image-preview":"max-image-preview:large","max-video-preview":"max-video-preview:-1"},"canonical":"https:\/\/shop.swedbeer.se\/en\/contact-us\/","og_locale":"en_US","og_type":"article","og_title":"Contact us \/ references - SwedBeer.se Shop","og_description":"You can always send us an email with your questions to helpdesk@swedbeer.se and we will get back to you as soon as possible. Sales Brewery equipment: Hannes Rebas, tel +46 708 55 88 56 (weekdays 09-16 CET) or hannes@swedbeer.se Kegs and dispensers: Olle Liljas, tel +46 762 48 00 51 (weekdays 9-16 CET) or olle@radanas.se [&hellip;]","og_url":"https:\/\/shop.swedbeer.se\/en\/contact-us\/","og_site_name":"SwedBeer.se Shop","article_publisher":"https:\/\/www.facebook.com\/SwedBeer.se\/","article_modified_time":"2021-03-05T08:58:19+00:00","og_image":[{"url":"https:\/\/shop.swedbeer.se\/wp-content\/uploads\/2019\/03\/odd.png","type":"","width":"","height":""}],"twitter_card":"summary_large_image","twitter_misc":{"Est. reading time":"1 minute"},"schema":{"@context":"https:\/\/schema.org","@graph":[{"@type":"WebPage","@id":"https:\/\/shop.swedbeer.se\/en\/contact-us\/","url":"https:\/\/shop.swedbeer.se\/en\/contact-us\/","name":"Contact us \/ references - SwedBeer.se Shop","isPartOf":{"@id":"https:\/\/shop.swedbeer.se\/en\/#website"},"primaryImageOfPage":{"@id":"https:\/\/shop.swedbeer.se\/en\/contact-us\/#primaryimage"},"image":{"@id":"https:\/\/shop.swedbeer.se\/en\/contact-us\/#primaryimage"},"thumbnailUrl":"https:\/\/shop.swedbeer.se\/wp-content\/uploads\/2019\/03\/odd.png","datePublished":"2016-06-30T09:42:21+00:00","dateModified":"2021-03-05T08:58:19+00:00","breadcrumb":{"@id":"https:\/\/shop.swedbeer.se\/en\/contact-us\/#breadcrumb"},"inLanguage":"en-US","potentialAction":[{"@type":"ReadAction","target":["https:\/\/shop.swedbeer.se\/en\/contact-us\/"]}]},{"@type":"ImageObject","inLanguage":"en-US","@id":"https:\/\/shop.swedbeer.se\/en\/contact-us\/#primaryimage","url":"https:\/\/shop.swedbeer.se\/wp-content\/uploads\/2019\/03\/odd.png","contentUrl":"https:\/\/shop.swedbeer.se\/wp-content\/uploads\/2019\/03\/odd.png"},{"@type":"BreadcrumbList","@id":"https:\/\/shop.swedbeer.se\/en\/contact-us\/#breadcrumb","itemListElement":[{"@type":"ListItem","position":1,"name":"Hem","item":"https:\/\/shop.swedbeer.se\/en\/"},{"@type":"ListItem","position":2,"name":"Contact us \/ references"}]},{"@type":"WebSite","@id":"https:\/\/shop.swedbeer.se\/en\/#website","url":"https:\/\/shop.swedbeer.se\/en\/","name":"SwedBeer.se Shop","description":"K\u00f6p bryggeritillbeh\u00f6r","publisher":{"@id":"https:\/\/shop.swedbeer.se\/en\/#organization"},"potentialAction":[{"@type":"SearchAction","target":{"@type":"EntryPoint","urlTemplate":"https:\/\/shop.swedbeer.se\/en\/?s={search_term_string}"},"query-input":{"@type":"PropertyValueSpecification","valueRequired":true,"valueName":"search_term_string"}}],"inLanguage":"en-US"},{"@type":"Organization","@id":"https:\/\/shop.swedbeer.se\/en\/#organization","name":"R\u00e5dan\u00e4s Bryggeri AB","url":"https:\/\/shop.swedbeer.se\/en\/","logo":{"@type":"ImageObject","inLanguage":"en-US","@id":"https:\/\/shop.swedbeer.se\/en\/#\/schema\/logo\/image\/","url":"https:\/\/shop.swedbeer.se\/wp-content\/uploads\/2016\/06\/Logotypeguld.jpg","contentUrl":"https:\/\/shop.swedbeer.se\/wp-content\/uploads\/2016\/06\/Logotypeguld.jpg","width":500,"height":260,"caption":"R\u00e5dan\u00e4s Bryggeri AB"},"image":{"@id":"https:\/\/shop.swedbeer.se\/en\/#\/schema\/logo\/image\/"},"sameAs":["https:\/\/www.facebook.com\/SwedBeer.se\/"]}]}},"_links":{"self":[{"href":"https:\/\/shop.swedbeer.se\/en\/wp-json\/wp\/v2\/pages\/9666","targetHints":{"allow":["GET"]}}],"collection":[{"href":"https:\/\/shop.swedbeer.se\/en\/wp-json\/wp\/v2\/pages"}],"about":[{"href":"https:\/\/shop.swedbeer.se\/en\/wp-json\/wp\/v2\/types\/page"}],"author":[{"embeddable":true,"href":"https:\/\/shop.swedbeer.se\/en\/wp-json\/wp\/v2\/users\/1"}],"replies":[{"embeddable":true,"href":"https:\/\/shop.swedbeer.se\/en\/wp-json\/wp\/v2\/comments?post=9666"}],"version-history":[{"count":21,"href":"https:\/\/shop.swedbeer.se\/en\/wp-json\/wp\/v2\/pages\/9666\/revisions"}],"predecessor-version":[{"id":29945,"href":"https:\/\/shop.swedbeer.se\/en\/wp-json\/wp\/v2\/pages\/9666\/revisions\/29945"}],"wp:attachment":[{"href":"https:\/\/shop.swedbeer.se\/en\/wp-json\/wp\/v2\/media?parent=9666"}],"curies":[{"name":"wp","href":"https:\/\/api.w.org\/{rel}","templated":true}]}}