{"id":6249,"date":"2018-02-06T10:11:27","date_gmt":"2018-02-06T09:11:27","guid":{"rendered":"https:\/\/shop.swedbeer.se\/?page_id=6249"},"modified":"2018-02-06T10:13:33","modified_gmt":"2018-02-06T09:13:33","slug":"about-us","status":"publish","type":"page","link":"https:\/\/shop.swedbeer.se\/en\/about-us\/","title":{"rendered":"About us"},"content":{"rendered":"<p>SwedBeer is a trademark of R\u00e5dan\u00e4s Bryggeri AB, which brews beer on the peninsula of the R\u00e5dan\u00e4s in M\u00f6lnlycke. With long experience we have developed tanks and accessories with good quality for microbreweries around Europe.<\/p>\n","protected":false},"excerpt":{"rendered":"<p>SwedBeer is a trademark of R\u00e5dan\u00e4s Bryggeri AB, which brews beer on the peninsula of the R\u00e5dan\u00e4s in M\u00f6lnlycke. With long experience we have developed tanks and accessories with good quality for microbreweries around Europe.<\/p>\n","protected":false},"author":1,"featured_media":0,"parent":0,"menu_order":0,"comment_status":"closed","ping_status":"closed","template":"","meta":{"_acf_changed":false,"footnotes":""},"class_list":["post-6249","page","type-page","status-publish","czr-hentry"],"acf":[],"yoast_head":"<!-- This site is optimized with the Yoast SEO plugin v27.3 - https:\/\/yoast.com\/product\/yoast-seo-wordpress\/ -->\n<title>About us - SwedBeer.se Shop<\/title>\n<meta name=\"robots\" content=\"index, follow, max-snippet:-1, max-image-preview:large, max-video-preview:-1\" \/>\n<link rel=\"canonical\" href=\"https:\/\/shop.swedbeer.se\/en\/about-us\/\" \/>\n<meta property=\"og:locale\" content=\"en_US\" \/>\n<meta property=\"og:type\" content=\"article\" \/>\n<meta property=\"og:title\" content=\"About us - SwedBeer.se Shop\" \/>\n<meta property=\"og:description\" content=\"SwedBeer is a trademark of R\u00e5dan\u00e4s Bryggeri AB, which brews beer on the peninsula of the R\u00e5dan\u00e4s in M\u00f6lnlycke. With long experience we have developed tanks and accessories with good quality for microbreweries around Europe.\" \/>\n<meta property=\"og:url\" content=\"https:\/\/shop.swedbeer.se\/en\/about-us\/\" \/>\n<meta property=\"og:site_name\" content=\"SwedBeer.se Shop\" \/>\n<meta property=\"article:publisher\" content=\"https:\/\/www.facebook.com\/SwedBeer.se\/\" \/>\n<meta property=\"article:modified_time\" content=\"2018-02-06T09:13:33+00:00\" \/>\n<meta name=\"twitter:card\" content=\"summary_large_image\" \/>\n<script type=\"application\/ld+json\" class=\"yoast-schema-graph\">{\"@context\":\"https:\\\/\\\/schema.org\",\"@graph\":[{\"@type\":\"WebPage\",\"@id\":\"https:\\\/\\\/shop.swedbeer.se\\\/en\\\/about-us\\\/\",\"url\":\"https:\\\/\\\/shop.swedbeer.se\\\/en\\\/about-us\\\/\",\"name\":\"About us - SwedBeer.se Shop\",\"isPartOf\":{\"@id\":\"https:\\\/\\\/shop.swedbeer.se\\\/en\\\/#website\"},\"datePublished\":\"2018-02-06T09:11:27+00:00\",\"dateModified\":\"2018-02-06T09:13:33+00:00\",\"breadcrumb\":{\"@id\":\"https:\\\/\\\/shop.swedbeer.se\\\/en\\\/about-us\\\/#breadcrumb\"},\"inLanguage\":\"en-US\",\"potentialAction\":[{\"@type\":\"ReadAction\",\"target\":[\"https:\\\/\\\/shop.swedbeer.se\\\/en\\\/about-us\\\/\"]}]},{\"@type\":\"BreadcrumbList\",\"@id\":\"https:\\\/\\\/shop.swedbeer.se\\\/en\\\/about-us\\\/#breadcrumb\",\"itemListElement\":[{\"@type\":\"ListItem\",\"position\":1,\"name\":\"Hem\",\"item\":\"https:\\\/\\\/shop.swedbeer.se\\\/en\\\/\"},{\"@type\":\"ListItem\",\"position\":2,\"name\":\"About us\"}]},{\"@type\":\"WebSite\",\"@id\":\"https:\\\/\\\/shop.swedbeer.se\\\/en\\\/#website\",\"url\":\"https:\\\/\\\/shop.swedbeer.se\\\/en\\\/\",\"name\":\"SwedBeer.se Shop\",\"description\":\"K\u00f6p bryggeritillbeh\u00f6r\",\"publisher\":{\"@id\":\"https:\\\/\\\/shop.swedbeer.se\\\/en\\\/#organization\"},\"potentialAction\":[{\"@type\":\"SearchAction\",\"target\":{\"@type\":\"EntryPoint\",\"urlTemplate\":\"https:\\\/\\\/shop.swedbeer.se\\\/en\\\/?s={search_term_string}\"},\"query-input\":{\"@type\":\"PropertyValueSpecification\",\"valueRequired\":true,\"valueName\":\"search_term_string\"}}],\"inLanguage\":\"en-US\"},{\"@type\":\"Organization\",\"@id\":\"https:\\\/\\\/shop.swedbeer.se\\\/en\\\/#organization\",\"name\":\"R\u00e5dan\u00e4s Bryggeri AB\",\"url\":\"https:\\\/\\\/shop.swedbeer.se\\\/en\\\/\",\"logo\":{\"@type\":\"ImageObject\",\"inLanguage\":\"en-US\",\"@id\":\"https:\\\/\\\/shop.swedbeer.se\\\/en\\\/#\\\/schema\\\/logo\\\/image\\\/\",\"url\":\"https:\\\/\\\/shop.swedbeer.se\\\/wp-content\\\/uploads\\\/2016\\\/06\\\/Logotypeguld.jpg\",\"contentUrl\":\"https:\\\/\\\/shop.swedbeer.se\\\/wp-content\\\/uploads\\\/2016\\\/06\\\/Logotypeguld.jpg\",\"width\":500,\"height\":260,\"caption\":\"R\u00e5dan\u00e4s Bryggeri AB\"},\"image\":{\"@id\":\"https:\\\/\\\/shop.swedbeer.se\\\/en\\\/#\\\/schema\\\/logo\\\/image\\\/\"},\"sameAs\":[\"https:\\\/\\\/www.facebook.com\\\/SwedBeer.se\\\/\"]}]}<\/script>\n<!-- \/ Yoast SEO plugin. -->","yoast_head_json":{"title":"About us - SwedBeer.se Shop","robots":{"index":"index","follow":"follow","max-snippet":"max-snippet:-1","max-image-preview":"max-image-preview:large","max-video-preview":"max-video-preview:-1"},"canonical":"https:\/\/shop.swedbeer.se\/en\/about-us\/","og_locale":"en_US","og_type":"article","og_title":"About us - SwedBeer.se Shop","og_description":"SwedBeer is a trademark of R\u00e5dan\u00e4s Bryggeri AB, which brews beer on the peninsula of the R\u00e5dan\u00e4s in M\u00f6lnlycke. With long experience we have developed tanks and accessories with good quality for microbreweries around Europe.","og_url":"https:\/\/shop.swedbeer.se\/en\/about-us\/","og_site_name":"SwedBeer.se Shop","article_publisher":"https:\/\/www.facebook.com\/SwedBeer.se\/","article_modified_time":"2018-02-06T09:13:33+00:00","twitter_card":"summary_large_image","schema":{"@context":"https:\/\/schema.org","@graph":[{"@type":"WebPage","@id":"https:\/\/shop.swedbeer.se\/en\/about-us\/","url":"https:\/\/shop.swedbeer.se\/en\/about-us\/","name":"About us - SwedBeer.se Shop","isPartOf":{"@id":"https:\/\/shop.swedbeer.se\/en\/#website"},"datePublished":"2018-02-06T09:11:27+00:00","dateModified":"2018-02-06T09:13:33+00:00","breadcrumb":{"@id":"https:\/\/shop.swedbeer.se\/en\/about-us\/#breadcrumb"},"inLanguage":"en-US","potentialAction":[{"@type":"ReadAction","target":["https:\/\/shop.swedbeer.se\/en\/about-us\/"]}]},{"@type":"BreadcrumbList","@id":"https:\/\/shop.swedbeer.se\/en\/about-us\/#breadcrumb","itemListElement":[{"@type":"ListItem","position":1,"name":"Hem","item":"https:\/\/shop.swedbeer.se\/en\/"},{"@type":"ListItem","position":2,"name":"About us"}]},{"@type":"WebSite","@id":"https:\/\/shop.swedbeer.se\/en\/#website","url":"https:\/\/shop.swedbeer.se\/en\/","name":"SwedBeer.se Shop","description":"K\u00f6p bryggeritillbeh\u00f6r","publisher":{"@id":"https:\/\/shop.swedbeer.se\/en\/#organization"},"potentialAction":[{"@type":"SearchAction","target":{"@type":"EntryPoint","urlTemplate":"https:\/\/shop.swedbeer.se\/en\/?s={search_term_string}"},"query-input":{"@type":"PropertyValueSpecification","valueRequired":true,"valueName":"search_term_string"}}],"inLanguage":"en-US"},{"@type":"Organization","@id":"https:\/\/shop.swedbeer.se\/en\/#organization","name":"R\u00e5dan\u00e4s Bryggeri AB","url":"https:\/\/shop.swedbeer.se\/en\/","logo":{"@type":"ImageObject","inLanguage":"en-US","@id":"https:\/\/shop.swedbeer.se\/en\/#\/schema\/logo\/image\/","url":"https:\/\/shop.swedbeer.se\/wp-content\/uploads\/2016\/06\/Logotypeguld.jpg","contentUrl":"https:\/\/shop.swedbeer.se\/wp-content\/uploads\/2016\/06\/Logotypeguld.jpg","width":500,"height":260,"caption":"R\u00e5dan\u00e4s Bryggeri AB"},"image":{"@id":"https:\/\/shop.swedbeer.se\/en\/#\/schema\/logo\/image\/"},"sameAs":["https:\/\/www.facebook.com\/SwedBeer.se\/"]}]}},"_links":{"self":[{"href":"https:\/\/shop.swedbeer.se\/en\/wp-json\/wp\/v2\/pages\/6249","targetHints":{"allow":["GET"]}}],"collection":[{"href":"https:\/\/shop.swedbeer.se\/en\/wp-json\/wp\/v2\/pages"}],"about":[{"href":"https:\/\/shop.swedbeer.se\/en\/wp-json\/wp\/v2\/types\/page"}],"author":[{"embeddable":true,"href":"https:\/\/shop.swedbeer.se\/en\/wp-json\/wp\/v2\/users\/1"}],"replies":[{"embeddable":true,"href":"https:\/\/shop.swedbeer.se\/en\/wp-json\/wp\/v2\/comments?post=6249"}],"version-history":[{"count":2,"href":"https:\/\/shop.swedbeer.se\/en\/wp-json\/wp\/v2\/pages\/6249\/revisions"}],"predecessor-version":[{"id":6252,"href":"https:\/\/shop.swedbeer.se\/en\/wp-json\/wp\/v2\/pages\/6249\/revisions\/6252"}],"wp:attachment":[{"href":"https:\/\/shop.swedbeer.se\/en\/wp-json\/wp\/v2\/media?parent=6249"}],"curies":[{"name":"wp","href":"https:\/\/api.w.org\/{rel}","templated":true}]}}