{"id":6003,"date":"2016-06-30T09:55:33","date_gmt":"2016-06-30T07:55:33","guid":{"rendered":"https:\/\/shop.swedbeer.se\/?page_id=6003"},"modified":"2024-12-23T10:50:13","modified_gmt":"2024-12-23T09:50:13","slug":"terms-conditions","status":"publish","type":"page","link":"https:\/\/shop.swedbeer.se\/en\/terms-conditions\/","title":{"rendered":"Terms &#038; Conditions \/ Leasing"},"content":{"rendered":"<p><em>K\u00f6pvillkoren \u00e4r uppdelade i tv\u00e5 delar beroende p\u00e5 om du handlar i egenskap av f\u00f6retag eller privatperson.<\/em><\/p>\n<h2>F\u00f6retag<\/h2>\n<h3>Priser och betalning<\/h3>\n<p>Varje vara anges med pris exklusive moms. I kassan kan man se det totala priset inklusive alla avgifter, moms, frakt och betalning.\u00a0Betalningsvillkor finns angiven i kassan beroende av valt betalningss\u00e4tt.\u00a0Fraktvillkor finns angiven i kassan beroende av valt frakts\u00e4tt.\u00a0<strong>All fast egendom s\u00e5som bryggverk, j\u00e4stankar, fat\u00f6lsmaskiner och dylikt f\u00f6rblir R\u00e5dan\u00e4s Bryggeri AB egendom tills full likvid erh\u00e5llits.\u00a0<\/strong>Genom att l\u00e4gga en best\u00e4llning via v\u00e5r webbshop accepterar du som kund \u00e4ven ett <strong>betalningsansvar f\u00f6r din best\u00e4llning<\/strong>.<\/p>\n<h4>Finansiering via Wasa Kredit<\/h4>\n<p>Vi erbjuder finansiering via Wasa Kredit f\u00f6r f\u00f6retag. Vid varje produkt finns en m\u00e5nadskostnad specificerad och trycker man p\u00e5 (i) symbolen bredvid den f\u00e5r man mer information ang\u00e5ende sj\u00e4lva finansieringen.<\/p>\n<div class=\"wasa-kredit-information-overlay__inner__header\"><a href=\"https:\/\/shop.swedbeer.se\/leasing-steg-for-steg-36-60-man\/\"><img loading=\"lazy\" decoding=\"async\" class=\"aligncenter wp-image-25867 size-large\" src=\"https:\/\/shop.swedbeer.se\/wp-content\/uploads\/2020\/05\/Leasing-Steg-f\u00f6r-steg-36-60-m\u00e5n-1024x571.png\" alt=\"\" width=\"1024\" height=\"571\" srcset=\"https:\/\/shop.swedbeer.se\/wp-content\/uploads\/2020\/05\/Leasing-Steg-f\u00f6r-steg-36-60-m\u00e5n-1024x571.png 1024w, https:\/\/shop.swedbeer.se\/wp-content\/uploads\/2020\/05\/Leasing-Steg-f\u00f6r-steg-36-60-m\u00e5n-300x167.png 300w, https:\/\/shop.swedbeer.se\/wp-content\/uploads\/2020\/05\/Leasing-Steg-f\u00f6r-steg-36-60-m\u00e5n-768x429.png 768w, https:\/\/shop.swedbeer.se\/wp-content\/uploads\/2020\/05\/Leasing-Steg-f\u00f6r-steg-36-60-m\u00e5n-350x195.png 350w, https:\/\/shop.swedbeer.se\/wp-content\/uploads\/2020\/05\/Leasing-Steg-f\u00f6r-steg-36-60-m\u00e5n.png 1179w\" sizes=\"auto, (max-width: 1024px) 100vw, 1024px\" \/><\/a><span style=\"font-size: inherit;\">M\u00e5nadskostnaden \u00e4r fast under avtalsperioden, s\u00e5 l\u00e4nge ingen r\u00e4ntejustering g\u00f6rs. Det g\u00e5r bra att betala in mer men detta p\u00e5verkar inte m\u00e5nadskostnaden eller avtalstiden. Dessa &#8220;extra&#8221; pengar l\u00e4ggs som a conto p\u00e5 avtalet. <\/span><span style=\"font-size: inherit;\">Vill man l\u00f6sa avtalet i f\u00f6rtid g\u00e5r det bra att kontakta <\/span><a style=\"font-size: inherit;\" href=\"mailto:kundserviceforetag@wasakredit.se\">kundserviceforetag@wasakredit.se<\/a><span style=\"font-size: inherit;\">.<\/span><\/div>\n<h3>\u00c5ngerr\u00e4tt<\/h3>\n<p>\u00c5ngerr\u00e4tten g\u00e4ller om:<\/p>\n<ul>\n<li>Varan \u00e4r felaktig enligt <a href=\"https:\/\/lagen.nu\/1990:931#P17S1\" target=\"_blank\" rel=\"noopener noreferrer\">K\u00f6plagen \u00a717.<\/a><\/li>\n<li>Varan har ett v\u00e4rde \u00f6ver 20.000,00 SEK och leverans ej har skett. D\u00e5 kan \u00e5ngerr\u00e4tt \u00e5beropas mot en avgift p\u00e5 20% av ursprungliga beloppet.<\/li>\n<\/ul>\n<h4>Returer<\/h4>\n<p>Returer sker p\u00e5 din egen bekostnad utom om varan \u00e4r defekt eller om vi har packat fel. Returer skall godk\u00e4nnas av &#8220;R\u00e5dan\u00e4s Bryggeri AB&#8221; och skickas som brev eller paket.<\/p>\n<h4>\u00c5terbetalningsskyldighet<\/h4>\n<p>Vid utnyttjad \u00e5ngerr\u00e4tt betalar vi tillbaka hela eller delar av beloppet inom 30-dagar.<\/p>\n<h3>Garantier och service<\/h3>\n<p>Produktgarantin t\u00e4cker endast ursprungliga fel, d.v.s. fabrikationsfel som fanns p\u00e5 produkten vid leverans. Fabrikationsfel skall konstateras av &#8220;R\u00e5dan\u00e4s Bryggeri AB&#8221;, varp\u00e5 du som kund f\u00e5r en fri reparation alternativt en ny produkt. Produktgarantin g\u00e4ller inte d\u00e5 vi inte kan hitta n\u00e5got fel p\u00e5 produkten eller d\u00e5 du har orsakat skadan sj\u00e4lv. Produktgarantin g\u00e4ller inte handhavandefel, felinst\u00e4lld produkt eller fel som uppst\u00e5r vid eller efter egen f\u00f6r\u00e4ndring av produktens funktion och utseende, s\u00e5som ombyggnation, uppgradering eller annan konfigurering av produkten.<\/p>\n<p>Orderbekr\u00e4ftelse g\u00e4ller som garantibevis. Spara dokumentet eftersom du beh\u00f6ver visa upp det om du beh\u00f6ver utnyttja garantir\u00e4tten.<\/p>\n<h3>Leveranser<\/h3>\n<p>Leveranstiden anges i kassan p\u00e5 ett ungef\u00e4r under respektive frakts\u00e4tt. Om en vara har avvikande leveranstid st\u00e5r det angivet vid respektive varas produktsida. Vi kan inte garantera leverans p\u00e5 en viss dag eller tid d\u00e5 frakten st\u00e5r utanf\u00f6r v\u00e5r kontroll och k\u00f6ps av externa fraktfirmor. Vid bom-k\u00f6rning debiteras transport\u00f6rens kostnader.<\/p>\n<h4>Frakts\u00e4tt &#8220;H\u00e4mta sj\u00e4lv&#8221;<\/h4>\n<p>Vi ger en service till de lokala bryggerierna att h\u00e4mta fat och liknande i v\u00e5rt tag-sj\u00e4lv-lager. Detta inneb\u00e4r inte att ni kan l\u00e4gga best\u00e4llning mot &#8220;H\u00e4mta sj\u00e4lv&#8221; och boka frakten sj\u00e4lva. De enda transport\u00f6rer som kan h\u00e4mta gods \u00e4r de som \u00e4r partners till R\u00e5dan\u00e4s Bryggeri.<\/p>\n<h4 class=\"p1\"><b>Force majeure<\/b><\/h4>\n<p class=\"p3\">R\u00e5dan\u00e4s Bryggeri AB ansvarar inte f\u00f6r f\u00f6rseningar orsakade av omst\u00e4ndigheter som vi inte kan r\u00e5da \u00f6ver, som exempelvis allm\u00e4n arbetskonflikt, krig, pandemi, eldsv\u00e5da, blixtnedslag, terroristattack, \u00e4ndrad myndighetsbest\u00e4mmelse, sv\u00e5righeter att boka containerfrakt p\u00e5 grund av containerbrist eller tillf\u00e4lligt kraftigt f\u00f6rh\u00f6jda transportpriser, tekniska problem, fel i el-\/tele-\/dataf\u00f6rbindelser eller annan kommunikation samt fel eller f\u00f6rsening i tj\u00e4nster fr\u00e5n underleverant\u00f6r p\u00e5 grund av omst\u00e4ndighet som h\u00e4r angivits. Dessa omst\u00e4ndigheter ska utg\u00f6ra befrielsegrund som medf\u00f6r befrielse fr\u00e5n skadest\u00e5nd och andra p\u00e5f\u00f6ljder.<\/p>\n<h4 class=\"p1\">Reservation f\u00f6r felskrivningar<\/h4>\n<p class=\"p3\">Vi reserverar oss f\u00f6r eventuella felskrivningar, felaktiga priser, produktbeskrivningar, lagersaldon eller annan information som kan f\u00f6rekomma p\u00e5 v\u00e5r webbplats. Vi str\u00e4var efter att all information ska vara korrekt, men fel kan uppst\u00e5. Vi f\u00f6rbeh\u00e5ller oss r\u00e4tten att korrigera s\u00e5dana fel och, vid behov, justera, annullera och\/eller \u00e5terkalla best\u00e4llningar som p\u00e5verkas av dessa. Om detta sker kommer vi att kontakta dig s\u00e5 snart som m\u00f6jligt f\u00f6r att informera om situationen och diskutera eventuella l\u00f6sningar.<\/p>\n\n\n<h2 class=\"wp-block-heading\">Privatperson<\/h2>\n\n\n\n<h3 class=\"wp-block-heading\">Priser och betalning<\/h3>\n\n\n\n<p>Varje vara anges med pris exklusive moms. I kassan kan man se det totala priset inklusive alla avgifter, moms, frakt och betalning.<\/p>\n\n\n\n<p>Betalningsvillkor finns angiven i kassan beroende av valt betalningss\u00e4tt.&nbsp;Fraktvillkor finns angiven i kassan beroende av valt frakts\u00e4tt.<\/p>\n\n\n\n<p><strong>All l\u00f6s\u00f6re s\u00e5som bryggverk, j\u00e4stankar, fat\u00f6lsmaskiner och dylikt f\u00f6rblir R\u00e5dan\u00e4s Bryggeri AB egendom tills full likvid erh\u00e5llits.<\/strong><\/p>\n\n\n\n<p>Genom att l\u00e4gga en best\u00e4llning via v\u00e5r webbshop accepterar du som kund \u00e4ven ett <strong>betalningsansvar f\u00f6r din best\u00e4llning<\/strong>.<\/p>\n\n\n\n<h3 class=\"wp-block-heading\">\u00c5ngerr\u00e4tt<\/h3>\n\n\n\n<p>Din \u00e5ngerr\u00e4tt (\u00e5ngerfristen) g\u00e4ller under 14 dagar. I ditt meddelande till oss m\u00e5ste det klart framg\u00e5 att du \u00e5ngrar dig. \u00c5ngerfristen b\u00f6rjar l\u00f6pa den dag du tog emot varan eller en v\u00e4sentlig del av den. Om avtalet g\u00e4ller en specialtillverkad vara \u2013 eller en vara som f\u00e5tt en tydlig personlig pr\u00e4gel, b\u00f6rjar \u00e5ngerfristen l\u00f6pa den dag vi l\u00e4mnat information.<\/p>\n\n\n\n<p>Du har inte \u00e5ngerr\u00e4tt om:<br>tj\u00e4nsten p\u00e5b\u00f6rjats under \u00e5ngerfristen med ditt samtycke, priset \u00e4r beroende av finansmarknadens sv\u00e4ngningar, till exempel en aktie, varan p\u00e5 grund av sin beskaffenhet inte kan \u00e5terl\u00e4mnas, f\u00f6rseglingen brutits p\u00e5 ljud- eller bildupptagningar eller datorprogram. Med f\u00f6rsegling avses \u00e4ven teknisk plombering.<\/p>\n\n\n\n<p>N\u00e4r du utnyttjat din \u00e5ngerr\u00e4tt:<br>Du \u00e4r skyldig att h\u00e5lla varan i lika gott skick som n\u00e4r du fick den. Du f\u00e5r inte anv\u00e4nda den, men naturligtvis f\u00f6rsiktigt unders\u00f6ka den. Om varan skadas eller kommer bort p\u00e5 grund av att du \u00e4r v\u00e5rdsl\u00f6s f\u00f6rlorar du \u00e5ngerr\u00e4tten.<\/p>\n\n\n\n<h4 class=\"wp-block-heading\">Returer<\/h4>\n\n\n\n<p>Returer sker p\u00e5 din egen bekostnad utom om varan \u00e4r defekt eller om vi har packat fel. Returer ska skickas som brev eller paket, inte mot postf\u00f6rskott. Vid byten betalar vi den nya frakten fr\u00e5n oss till dig.<\/p>\n\n\n\n<p>N\u00e4r du utnyttjat din \u00e5ngerr\u00e4tt ska du,<br>om det g\u00e4ller en vara: s\u00e4nda eller l\u00e4mna tillbaka den till oss<br>om det g\u00e4ller en tj\u00e4nst: h\u00e5lla materialet tillg\u00e4ngligt f\u00f6r oss, om det inte medf\u00f6r besv\u00e4r f\u00f6r dig.<\/p>\n\n\n\n<h4 class=\"wp-block-heading\">\u00c5terbetalningsskyldighet<\/h4>\n\n\n\n<p>Vi ska, om du utnyttjat din \u00e5ngerr\u00e4tt, betala tillbaka vad du har betalat f\u00f6r varan snarast eller senast inom 30 dagar fr\u00e5n den dag d\u00e5 vi tog emot varan eller, om det \u00e4r en tj\u00e4nst, meddelandet om att du \u00e5ngrat dig. Du f\u00e5r sj\u00e4lv betala returkostnaderna n\u00e4r du s\u00e4nder tillbaka varan. Vi betalar alltid returkostnaden f\u00f6r att s\u00e4nda tillbaka s\u00e5 kallade ers\u00e4ttningsvaror.<\/p>\n\n\n\n<p>Se \u00e4ven konsumentverket distansavtalslagen &amp; E-handel.<\/p>\n\n\n\n<h3 class=\"wp-block-heading\">Garantier och service<\/h3>\n\n\n\n<p>R\u00e5dan\u00e4s Bryggeri AB&nbsp;s\u00e4ljer samtliga produkter med 1 \u00e5rs garanti samt 3 \u00e5rs reklamationsr\u00e4tt enligt Konsumentk\u00f6plagen.<\/p>\n\n\n\n<p>Produktgarantin t\u00e4cker endast ursprungliga fel, d.v.s. fabrikationsfel som fanns p\u00e5 produkten vid leverans. Fabrikationsfel skall konstateras av R\u00e5dan\u00e4s Bryggeri AB, varp\u00e5 du som kund f\u00e5r en fri reparation alternativt en ny produkt. Produktgarantin g\u00e4ller inte d\u00e5 vi inte kan hitta n\u00e5got fel p\u00e5 produkten eller d\u00e5 du har orsakat skadan sj\u00e4lv. Produktgarantin g\u00e4ller inte handhavandefel, felinst\u00e4lld produkt eller fel som uppst\u00e5r vid eller efter egen f\u00f6r\u00e4ndring av produktens funktion och utseende, s\u00e5som ombyggnation, uppgradering eller annan konfigurering av produkten.<\/p>\n\n\n\n<p>Orderbekr\u00e4ftelse g\u00e4ller som garantibevis. Spara dokumentet eftersom du beh\u00f6ver visa upp det om du beh\u00f6ver utnyttja garantir\u00e4tten.<\/p>\n\n\n\n<h3 class=\"wp-block-heading\">Leveranser<\/h3>\n\n\n\n<p>Leveranstiden anges i kundvagnen under respektive frakts\u00e4tt. Om en vara har avvikande leveranstid st\u00e5r det angivet vid respektive vara.<\/p>\n\n\n\n<h4 class=\"wp-block-heading\"><strong>Force majeure<\/strong><\/h4>\n\n\n\n<p>R\u00e5dan\u00e4s Bryggeri AB ansvarar inte f\u00f6r f\u00f6rseningar orsakade av omst\u00e4ndigheter som vi inte kan r\u00e5da \u00f6ver, som exempelvis allm\u00e4n arbetskonflikt, krig, pandemi, eldsv\u00e5da, blixtnedslag, terroristattack, \u00e4ndrad myndighetsbest\u00e4mmelse, sv\u00e5righeter att boka containerfrakt p\u00e5 grund av containerbrist eller tillf\u00e4lligt kraftigt f\u00f6rh\u00f6jda transportpriser, tekniska problem, fel i el-\/tele-\/dataf\u00f6rbindelser eller annan kommunikation samt fel eller f\u00f6rsening i tj\u00e4nster fr\u00e5n underleverant\u00f6r p\u00e5 grund av omst\u00e4ndighet som h\u00e4r angivits. Dessa omst\u00e4ndigheter ska utg\u00f6ra befrielsegrund som medf\u00f6r befrielse fr\u00e5n skadest\u00e5nd och andra p\u00e5f\u00f6ljder.<\/p>\n\n\n\n<h4 class=\"wp-block-heading\">Reservation f\u00f6r felskrivningar<\/h4>\n\n\n\n<p>Vi reserverar oss f\u00f6r eventuella felskrivningar, felaktiga priser, produktbeskrivningar, lagersaldon eller annan information som kan f\u00f6rekomma p\u00e5 v\u00e5r webbplats. Vi str\u00e4var efter att all information ska vara korrekt, men fel kan uppst\u00e5. Vi f\u00f6rbeh\u00e5ller oss r\u00e4tten att korrigera s\u00e5dana fel och, vid behov, justera, annullera och\/eller \u00e5terkalla best\u00e4llningar som p\u00e5verkas av dessa. Om detta sker kommer vi att kontakta dig s\u00e5 snart som m\u00f6jligt f\u00f6r att informera om situationen och diskutera eventuella l\u00f6sningar.<\/p>\n\n\n\n<p><\/p>\n","protected":false},"excerpt":{"rendered":"<p>K\u00f6pvillkoren \u00e4r uppdelade i tv\u00e5 delar beroende p\u00e5 om du handlar i egenskap av f\u00f6retag eller privatperson. F\u00f6retag Priser och betalning Varje vara anges med pris exklusive moms. I kassan kan man se det totala priset inklusive alla avgifter, moms, frakt och betalning.\u00a0Betalningsvillkor finns angiven i kassan beroende av valt betalningss\u00e4tt.\u00a0Fraktvillkor finns angiven i kassan [&hellip;]<\/p>\n","protected":false},"author":1,"featured_media":0,"parent":0,"menu_order":0,"comment_status":"closed","ping_status":"closed","template":"","meta":{"_acf_changed":false,"footnotes":""},"class_list":["post-6003","page","type-page","status-publish","czr-hentry"],"acf":[],"yoast_head":"<!-- This site is optimized with the Yoast SEO plugin v27.3 - https:\/\/yoast.com\/product\/yoast-seo-wordpress\/ -->\n<title>Terms &amp; Conditions \/ Leasing - SwedBeer.se Shop<\/title>\n<meta name=\"robots\" content=\"index, follow, max-snippet:-1, max-image-preview:large, max-video-preview:-1\" \/>\n<link rel=\"canonical\" href=\"https:\/\/shop.swedbeer.se\/en\/terms-conditions\/\" \/>\n<meta property=\"og:locale\" content=\"en_US\" \/>\n<meta property=\"og:type\" content=\"article\" \/>\n<meta property=\"og:title\" content=\"Terms &amp; Conditions \/ Leasing - SwedBeer.se Shop\" \/>\n<meta property=\"og:description\" content=\"K\u00f6pvillkoren \u00e4r uppdelade i tv\u00e5 delar beroende p\u00e5 om du handlar i egenskap av f\u00f6retag eller privatperson. F\u00f6retag Priser och betalning Varje vara anges med pris exklusive moms. I kassan kan man se det totala priset inklusive alla avgifter, moms, frakt och betalning.\u00a0Betalningsvillkor finns angiven i kassan beroende av valt betalningss\u00e4tt.\u00a0Fraktvillkor finns angiven i kassan [&hellip;]\" \/>\n<meta property=\"og:url\" content=\"https:\/\/shop.swedbeer.se\/en\/terms-conditions\/\" \/>\n<meta property=\"og:site_name\" content=\"SwedBeer.se Shop\" \/>\n<meta property=\"article:publisher\" content=\"https:\/\/www.facebook.com\/SwedBeer.se\/\" \/>\n<meta property=\"article:modified_time\" content=\"2024-12-23T09:50:13+00:00\" \/>\n<meta name=\"twitter:card\" content=\"summary_large_image\" \/>\n<meta name=\"twitter:label1\" content=\"Est. reading time\" \/>\n\t<meta name=\"twitter:data1\" content=\"7 minutes\" \/>\n<script type=\"application\/ld+json\" class=\"yoast-schema-graph\">{\"@context\":\"https:\\\/\\\/schema.org\",\"@graph\":[{\"@type\":\"WebPage\",\"@id\":\"https:\\\/\\\/shop.swedbeer.se\\\/en\\\/terms-conditions\\\/\",\"url\":\"https:\\\/\\\/shop.swedbeer.se\\\/en\\\/terms-conditions\\\/\",\"name\":\"Terms & Conditions \\\/ Leasing - SwedBeer.se Shop\",\"isPartOf\":{\"@id\":\"https:\\\/\\\/shop.swedbeer.se\\\/en\\\/#website\"},\"datePublished\":\"2016-06-30T07:55:33+00:00\",\"dateModified\":\"2024-12-23T09:50:13+00:00\",\"breadcrumb\":{\"@id\":\"https:\\\/\\\/shop.swedbeer.se\\\/en\\\/terms-conditions\\\/#breadcrumb\"},\"inLanguage\":\"en-US\",\"potentialAction\":[{\"@type\":\"ReadAction\",\"target\":[\"https:\\\/\\\/shop.swedbeer.se\\\/en\\\/terms-conditions\\\/\"]}]},{\"@type\":\"BreadcrumbList\",\"@id\":\"https:\\\/\\\/shop.swedbeer.se\\\/en\\\/terms-conditions\\\/#breadcrumb\",\"itemListElement\":[{\"@type\":\"ListItem\",\"position\":1,\"name\":\"Hem\",\"item\":\"https:\\\/\\\/shop.swedbeer.se\\\/en\\\/\"},{\"@type\":\"ListItem\",\"position\":2,\"name\":\"Terms &#038; Conditions \\\/ Leasing\"}]},{\"@type\":\"WebSite\",\"@id\":\"https:\\\/\\\/shop.swedbeer.se\\\/en\\\/#website\",\"url\":\"https:\\\/\\\/shop.swedbeer.se\\\/en\\\/\",\"name\":\"SwedBeer.se Shop\",\"description\":\"K\u00f6p bryggeritillbeh\u00f6r\",\"publisher\":{\"@id\":\"https:\\\/\\\/shop.swedbeer.se\\\/en\\\/#organization\"},\"potentialAction\":[{\"@type\":\"SearchAction\",\"target\":{\"@type\":\"EntryPoint\",\"urlTemplate\":\"https:\\\/\\\/shop.swedbeer.se\\\/en\\\/?s={search_term_string}\"},\"query-input\":{\"@type\":\"PropertyValueSpecification\",\"valueRequired\":true,\"valueName\":\"search_term_string\"}}],\"inLanguage\":\"en-US\"},{\"@type\":\"Organization\",\"@id\":\"https:\\\/\\\/shop.swedbeer.se\\\/en\\\/#organization\",\"name\":\"R\u00e5dan\u00e4s Bryggeri AB\",\"url\":\"https:\\\/\\\/shop.swedbeer.se\\\/en\\\/\",\"logo\":{\"@type\":\"ImageObject\",\"inLanguage\":\"en-US\",\"@id\":\"https:\\\/\\\/shop.swedbeer.se\\\/en\\\/#\\\/schema\\\/logo\\\/image\\\/\",\"url\":\"https:\\\/\\\/shop.swedbeer.se\\\/wp-content\\\/uploads\\\/2016\\\/06\\\/Logotypeguld.jpg\",\"contentUrl\":\"https:\\\/\\\/shop.swedbeer.se\\\/wp-content\\\/uploads\\\/2016\\\/06\\\/Logotypeguld.jpg\",\"width\":500,\"height\":260,\"caption\":\"R\u00e5dan\u00e4s Bryggeri AB\"},\"image\":{\"@id\":\"https:\\\/\\\/shop.swedbeer.se\\\/en\\\/#\\\/schema\\\/logo\\\/image\\\/\"},\"sameAs\":[\"https:\\\/\\\/www.facebook.com\\\/SwedBeer.se\\\/\"]}]}<\/script>\n<!-- \/ Yoast SEO plugin. -->","yoast_head_json":{"title":"Terms & Conditions \/ Leasing - SwedBeer.se Shop","robots":{"index":"index","follow":"follow","max-snippet":"max-snippet:-1","max-image-preview":"max-image-preview:large","max-video-preview":"max-video-preview:-1"},"canonical":"https:\/\/shop.swedbeer.se\/en\/terms-conditions\/","og_locale":"en_US","og_type":"article","og_title":"Terms & Conditions \/ Leasing - SwedBeer.se Shop","og_description":"K\u00f6pvillkoren \u00e4r uppdelade i tv\u00e5 delar beroende p\u00e5 om du handlar i egenskap av f\u00f6retag eller privatperson. F\u00f6retag Priser och betalning Varje vara anges med pris exklusive moms. I kassan kan man se det totala priset inklusive alla avgifter, moms, frakt och betalning.\u00a0Betalningsvillkor finns angiven i kassan beroende av valt betalningss\u00e4tt.\u00a0Fraktvillkor finns angiven i kassan [&hellip;]","og_url":"https:\/\/shop.swedbeer.se\/en\/terms-conditions\/","og_site_name":"SwedBeer.se Shop","article_publisher":"https:\/\/www.facebook.com\/SwedBeer.se\/","article_modified_time":"2024-12-23T09:50:13+00:00","twitter_card":"summary_large_image","twitter_misc":{"Est. reading time":"7 minutes"},"schema":{"@context":"https:\/\/schema.org","@graph":[{"@type":"WebPage","@id":"https:\/\/shop.swedbeer.se\/en\/terms-conditions\/","url":"https:\/\/shop.swedbeer.se\/en\/terms-conditions\/","name":"Terms & Conditions \/ Leasing - SwedBeer.se Shop","isPartOf":{"@id":"https:\/\/shop.swedbeer.se\/en\/#website"},"datePublished":"2016-06-30T07:55:33+00:00","dateModified":"2024-12-23T09:50:13+00:00","breadcrumb":{"@id":"https:\/\/shop.swedbeer.se\/en\/terms-conditions\/#breadcrumb"},"inLanguage":"en-US","potentialAction":[{"@type":"ReadAction","target":["https:\/\/shop.swedbeer.se\/en\/terms-conditions\/"]}]},{"@type":"BreadcrumbList","@id":"https:\/\/shop.swedbeer.se\/en\/terms-conditions\/#breadcrumb","itemListElement":[{"@type":"ListItem","position":1,"name":"Hem","item":"https:\/\/shop.swedbeer.se\/en\/"},{"@type":"ListItem","position":2,"name":"Terms &#038; Conditions \/ Leasing"}]},{"@type":"WebSite","@id":"https:\/\/shop.swedbeer.se\/en\/#website","url":"https:\/\/shop.swedbeer.se\/en\/","name":"SwedBeer.se Shop","description":"K\u00f6p bryggeritillbeh\u00f6r","publisher":{"@id":"https:\/\/shop.swedbeer.se\/en\/#organization"},"potentialAction":[{"@type":"SearchAction","target":{"@type":"EntryPoint","urlTemplate":"https:\/\/shop.swedbeer.se\/en\/?s={search_term_string}"},"query-input":{"@type":"PropertyValueSpecification","valueRequired":true,"valueName":"search_term_string"}}],"inLanguage":"en-US"},{"@type":"Organization","@id":"https:\/\/shop.swedbeer.se\/en\/#organization","name":"R\u00e5dan\u00e4s Bryggeri AB","url":"https:\/\/shop.swedbeer.se\/en\/","logo":{"@type":"ImageObject","inLanguage":"en-US","@id":"https:\/\/shop.swedbeer.se\/en\/#\/schema\/logo\/image\/","url":"https:\/\/shop.swedbeer.se\/wp-content\/uploads\/2016\/06\/Logotypeguld.jpg","contentUrl":"https:\/\/shop.swedbeer.se\/wp-content\/uploads\/2016\/06\/Logotypeguld.jpg","width":500,"height":260,"caption":"R\u00e5dan\u00e4s Bryggeri AB"},"image":{"@id":"https:\/\/shop.swedbeer.se\/en\/#\/schema\/logo\/image\/"},"sameAs":["https:\/\/www.facebook.com\/SwedBeer.se\/"]}]}},"_links":{"self":[{"href":"https:\/\/shop.swedbeer.se\/en\/wp-json\/wp\/v2\/pages\/6003","targetHints":{"allow":["GET"]}}],"collection":[{"href":"https:\/\/shop.swedbeer.se\/en\/wp-json\/wp\/v2\/pages"}],"about":[{"href":"https:\/\/shop.swedbeer.se\/en\/wp-json\/wp\/v2\/types\/page"}],"author":[{"embeddable":true,"href":"https:\/\/shop.swedbeer.se\/en\/wp-json\/wp\/v2\/users\/1"}],"replies":[{"embeddable":true,"href":"https:\/\/shop.swedbeer.se\/en\/wp-json\/wp\/v2\/comments?post=6003"}],"version-history":[{"count":21,"href":"https:\/\/shop.swedbeer.se\/en\/wp-json\/wp\/v2\/pages\/6003\/revisions"}],"predecessor-version":[{"id":41472,"href":"https:\/\/shop.swedbeer.se\/en\/wp-json\/wp\/v2\/pages\/6003\/revisions\/41472"}],"wp:attachment":[{"href":"https:\/\/shop.swedbeer.se\/en\/wp-json\/wp\/v2\/media?parent=6003"}],"curies":[{"name":"wp","href":"https:\/\/api.w.org\/{rel}","templated":true}]}}